{"id":358,"date":"2017-03-24T10:07:06","date_gmt":"2017-03-24T10:07:06","guid":{"rendered":"https:\/\/aka-buch.de\/buchhandlung\/?page_id=358"},"modified":"2019-08-01T13:27:14","modified_gmt":"2019-08-01T13:27:14","slug":"anfahrt","status":"publish","type":"page","link":"https:\/\/aka-buch.de\/buchhandlung\/anfahrt\/","title":{"rendered":"Anfahrt"},"content":{"rendered":"<p>Die <a href=\"https:\/\/www.google.de\/maps\/dir\/\/Akademische+Buchhandlung+Anne+M%C3%BCnzner+e.+Kfr.,+Merbachstra%C3%9Fe,+09599+Freiberg\/@50.9237108,13.3321565,17z\/data=!4m15!1m6!3m5!1s0x47a76008b8b27081:0x3c29f72be93b8b0d!2sAkademische+Buchhandlung+Anne+M%C3%BCnzner+e.+Kfr.!8m2!3d50.9237108!4d13.3343452!4m7!1m0!1m5!1m1!1s0x47a76008b8b27081:0x3c29f72be93b8b0d!2m2!1d13.3343452!2d50.9237108\" target=\"_blank\" rel=\"noopener noreferrer\">Akademische Buchhandlung Anne M\u00fcnzner e. Kfr.<\/a> sind gut mit dem Auto zu erreichen. In unmittelbarer N\u00e4he befinden sich Parkpl\u00e4tze direkt in der Merbachstra\u00dfe bzw. auf dem Untermarkt.<\/p>\n<div id=\"wpgmza_map\" class=\"wpgmza_map\" data-settings='{\"id\":\"1\",\"map_title\":\"Akademische Buchhandlung Anne M\\u00fcnzner e. Kfr.\",\"map_width\":\"100\",\"map_height\":\"400\",\"map_start_lat\":\"50.922290\",\"map_start_lng\":\"13.340370\",\"map_start_location\":\"50.922290210968924,13.340370322753884\",\"map_start_zoom\":\"15\",\"default_marker\":\"0\",\"type\":\"1\",\"alignment\":\"1\",\"directions_enabled\":\"1\",\"styling_enabled\":\"0\",\"styling_json\":\"\",\"active\":\"0\",\"kml\":\"\",\"bicycle\":\"0\",\"traffic\":\"0\",\"dbox\":\"1\",\"dbox_width\":\"100\",\"listmarkers\":\"0\",\"listmarkers_advanced\":\"0\",\"filterbycat\":\"0\",\"ugm_enabled\":\"0\",\"ugm_category_enabled\":\"0\",\"fusion\":\"\",\"map_width_type\":\"\\\\%\",\"map_height_type\":\"px\",\"mass_marker_support\":\"1\",\"ugm_access\":\"0\",\"order_markers_by\":\"1\",\"order_markers_choice\":\"2\",\"show_user_location\":\"0\",\"default_to\":\"\",\"other_settings\":{\"store_locator_enabled\":2,\"store_locator_distance\":2,\"store_locator_bounce\":1,\"store_locator_query_string\":\"PLZ \\\/ Adresse:\",\"store_locator_default_address\":\"\",\"wpgmza_store_locator_restrict\":\"\",\"map_max_zoom\":\"1\",\"transport_layer\":0,\"wpgmza_theme_data\":\"\"}}' data-map-id='1' Data-maps-engine='' data-shortcode-attributes='{\"id\":\"1\"}' style=\"display:block; overflow:auto; width:100%; height:400px; float:left;\"><\/div>\n","protected":false},"excerpt":{"rendered":"<p>Die Akademische Buchhandlung Anne M\u00fcnzner e. Kfr. sind gut mit dem Auto zu erreichen. In unmittelbarer N\u00e4he befinden sich Parkpl\u00e4tze direkt in der Merbachstra\u00dfe bzw. auf dem Untermarkt.<\/p>\n","protected":false},"author":1,"featured_media":0,"parent":0,"menu_order":0,"comment_status":"closed","ping_status":"closed","template":"","meta":{"footnotes":""},"class_list":["post-358","page","type-page","status-publish","hentry"],"_links":{"self":[{"href":"https:\/\/aka-buch.de\/buchhandlung\/wp-json\/wp\/v2\/pages\/358","targetHints":{"allow":["GET"]}}],"collection":[{"href":"https:\/\/aka-buch.de\/buchhandlung\/wp-json\/wp\/v2\/pages"}],"about":[{"href":"https:\/\/aka-buch.de\/buchhandlung\/wp-json\/wp\/v2\/types\/page"}],"author":[{"embeddable":true,"href":"https:\/\/aka-buch.de\/buchhandlung\/wp-json\/wp\/v2\/users\/1"}],"replies":[{"embeddable":true,"href":"https:\/\/aka-buch.de\/buchhandlung\/wp-json\/wp\/v2\/comments?post=358"}],"version-history":[{"count":9,"href":"https:\/\/aka-buch.de\/buchhandlung\/wp-json\/wp\/v2\/pages\/358\/revisions"}],"predecessor-version":[{"id":555,"href":"https:\/\/aka-buch.de\/buchhandlung\/wp-json\/wp\/v2\/pages\/358\/revisions\/555"}],"wp:attachment":[{"href":"https:\/\/aka-buch.de\/buchhandlung\/wp-json\/wp\/v2\/media?parent=358"}],"curies":[{"name":"wp","href":"https:\/\/api.w.org\/{rel}","templated":true}]}}