{"id":16,"date":"2017-03-16T10:41:54","date_gmt":"2017-03-16T10:41:54","guid":{"rendered":"https:\/\/aka-buch.de\/buchhandlung\/?page_id=16"},"modified":"2017-04-05T09:10:14","modified_gmt":"2017-04-05T09:10:14","slug":"ueber-uns","status":"publish","type":"page","link":"https:\/\/aka-buch.de\/buchhandlung\/ueber-uns\/","title":{"rendered":"\u00dcber uns"},"content":{"rendered":"<p>Unsere Buchhandlung zeichnet sich durch ein umfangreiches Sortiment in den Bereichen Geowissenschaften und Bergbau, sowie allen Naturwissenschaften aus. Doch auch einen gro\u00dfen Bestand an allgemeiner Literatur wie Belletristik, H\u00f6rbuch und Ratgeber k\u00f6nnen wir unseren Kunden pr\u00e4sentieren. Ein weiterer Schwerpunkt ist unsere Reiseabteilung, in welcher Reisef\u00fchrer verschiedenster Verlage darauf warten auf Entdeckungsreise zu gehen.<\/p>\n<p>Bei uns finden Sie nicht nur Neub\u00fccher, sondern auch eine gro\u00dfe Auswahl antiquarischer Literatur mit zahlreichen Rarit\u00e4ten. Auch unsere j\u00fcngsten \u201eKunden\u201c kommen bei uns voll auf ihre Kosten, ein umfangreiches Angebot an Kinderb\u00fcchern und eine Mal- und Spielecke sorgen daf\u00fcr. F\u00fcr die etwas Gr\u00f6\u00dferen engagieren wir uns in der Lesef\u00f6rderung und erhielten daf\u00fcr 2009 sowie 2011 und auch 2016 das \u201eG\u00fctesiegel f\u00fcr Lesef\u00f6rderung\u201c vom B\u00f6rsenverein des deutschen Buchhandels. Unsere Buchhandlung fungiert f\u00fcr eine Vielzahl regionaler und wissenschaftlicher Publikationen als Alleinvertrieb.<\/p>\n<blockquote><p><span style=\"color: #b51616;\">Die traditionsreiche geowissenschaftliche Fachbuchhandlung in Freiberg<\/span><\/p><\/blockquote>\n<p>Unsere Filiale \u201eB\u00fcchereck am Dom\u201c eignet sich hervorragend, den Wunsch nach Literatur mit einem Spaziergang durch unsere wunderbare Altstadt zu verbinden. Dort bieten wir des Weiteren die M\u00f6glichkeit in unserem Antiquariat, mit den Schwerpunkten Bergbau, Geologie, Technik und Regionalliteratur, zu st\u00f6bern.<\/p>\n<p>Dank unseres ausgebildeten Fachpersonals und unserer zuverl\u00e4ssigen Lieferanten sind bisher selbst schwierigste und kurzfristigste Besorgungsprobleme gel\u00f6st worden.<\/p>\n<p>Bestellungen bis 16.00 Uhr sind am n\u00e4chsten Tag 9.00 Uhr abholbereit!!!<\/p>\n<h3>Unser Service:<\/h3>\n<ul>\n<li>Geschenkgutscheine<\/li>\n<li>Bestellung nicht vorr\u00e4tiger Titel<\/li>\n<li>Literaturrecherche<\/li>\n<li>Erstellen von Literaturlisten<\/li>\n<li>Verpackungsservice<\/li>\n<li>Versand von B\u00fcchern<\/li>\n<li>Rechnungslegung<\/li>\n<li>kostenfreie Parkpl\u00e4tze<\/li>\n<li>Kartenzahlung m\u00f6glich<\/li>\n<\/ul>\n<p>&nbsp;<\/p>\n<p><a href=\"https:\/\/aka-buch.de\/buchhandlung\/wp-content\/uploads\/2017\/03\/guetesiegel-lesef\u00f6rderung-2016.jpg\"><img loading=\"lazy\" decoding=\"async\" class=\"alignnone wp-image-438\" src=\"https:\/\/aka-buch.de\/buchhandlung\/wp-content\/uploads\/2017\/03\/guetesiegel-lesef\u00f6rderung-2016-480x640.jpg\" alt=\"\" width=\"220\" height=\"310\" srcset=\"https:\/\/aka-buch.de\/buchhandlung\/wp-content\/uploads\/2017\/03\/guetesiegel-lesef\u00f6rderung-2016-595x839.jpg 595w, https:\/\/aka-buch.de\/buchhandlung\/wp-content\/uploads\/2017\/03\/guetesiegel-lesef\u00f6rderung-2016-520x733.jpg 520w, https:\/\/aka-buch.de\/buchhandlung\/wp-content\/uploads\/2017\/03\/guetesiegel-lesef\u00f6rderung-2016.jpg 709w\" sizes=\"auto, (max-width: 220px) 100vw, 220px\" \/><\/a>\u00a0 <a href=\"https:\/\/aka-buch.de\/buchhandlung\/wp-content\/uploads\/2017\/03\/guetesiegel-lesefoerderung-2011-12.jpg\"><img loading=\"lazy\" decoding=\"async\" class=\"alignnone wp-image-437\" src=\"https:\/\/aka-buch.de\/buchhandlung\/wp-content\/uploads\/2017\/03\/guetesiegel-lesefoerderung-2011-12-480x640.jpg\" alt=\"\" width=\"218\" height=\"310\" srcset=\"https:\/\/aka-buch.de\/buchhandlung\/wp-content\/uploads\/2017\/03\/guetesiegel-lesefoerderung-2011-12-595x848.jpg 595w, https:\/\/aka-buch.de\/buchhandlung\/wp-content\/uploads\/2017\/03\/guetesiegel-lesefoerderung-2011-12-520x741.jpg 520w, https:\/\/aka-buch.de\/buchhandlung\/wp-content\/uploads\/2017\/03\/guetesiegel-lesefoerderung-2011-12.jpg 702w\" sizes=\"auto, (max-width: 218px) 100vw, 218px\" \/><\/a>\u00a0 <a href=\"https:\/\/aka-buch.de\/buchhandlung\/wp-content\/uploads\/2017\/03\/guetesiegel-lesefoerderung-2009-10.jpg\"><img loading=\"lazy\" decoding=\"async\" class=\"alignnone wp-image-436\" src=\"https:\/\/aka-buch.de\/buchhandlung\/wp-content\/uploads\/2017\/03\/guetesiegel-lesefoerderung-2009-10-595x830.jpg\" alt=\"\" width=\"222\" height=\"310\" srcset=\"https:\/\/aka-buch.de\/buchhandlung\/wp-content\/uploads\/2017\/03\/guetesiegel-lesefoerderung-2009-10-595x830.jpg 595w, https:\/\/aka-buch.de\/buchhandlung\/wp-content\/uploads\/2017\/03\/guetesiegel-lesefoerderung-2009-10-520x725.jpg 520w, https:\/\/aka-buch.de\/buchhandlung\/wp-content\/uploads\/2017\/03\/guetesiegel-lesefoerderung-2009-10.jpg 717w\" sizes=\"auto, (max-width: 222px) 100vw, 222px\" \/><\/a><\/p>\n<p>&nbsp;<\/p>\n","protected":false},"excerpt":{"rendered":"<p>Unsere Buchhandlung zeichnet sich durch ein umfangreiches Sortiment in den Bereichen Geowissenschaften und Bergbau, sowie allen Naturwissenschaften aus. Doch auch einen gro\u00dfen Bestand an allgemeiner Literatur wie Belletristik, H\u00f6rbuch und<a class=\"read-more\" href=\"https:\/\/aka-buch.de\/buchhandlung\/ueber-uns\/\">Continue reading<\/a><\/p>\n","protected":false},"author":1,"featured_media":0,"parent":0,"menu_order":0,"comment_status":"closed","ping_status":"closed","template":"","meta":{"footnotes":""},"class_list":["post-16","page","type-page","status-publish","hentry"],"_links":{"self":[{"href":"https:\/\/aka-buch.de\/buchhandlung\/wp-json\/wp\/v2\/pages\/16","targetHints":{"allow":["GET"]}}],"collection":[{"href":"https:\/\/aka-buch.de\/buchhandlung\/wp-json\/wp\/v2\/pages"}],"about":[{"href":"https:\/\/aka-buch.de\/buchhandlung\/wp-json\/wp\/v2\/types\/page"}],"author":[{"embeddable":true,"href":"https:\/\/aka-buch.de\/buchhandlung\/wp-json\/wp\/v2\/users\/1"}],"replies":[{"embeddable":true,"href":"https:\/\/aka-buch.de\/buchhandlung\/wp-json\/wp\/v2\/comments?post=16"}],"version-history":[{"count":21,"href":"https:\/\/aka-buch.de\/buchhandlung\/wp-json\/wp\/v2\/pages\/16\/revisions"}],"predecessor-version":[{"id":449,"href":"https:\/\/aka-buch.de\/buchhandlung\/wp-json\/wp\/v2\/pages\/16\/revisions\/449"}],"wp:attachment":[{"href":"https:\/\/aka-buch.de\/buchhandlung\/wp-json\/wp\/v2\/media?parent=16"}],"curies":[{"name":"wp","href":"https:\/\/api.w.org\/{rel}","templated":true}]}}