{"id":107,"date":"2017-03-17T10:09:43","date_gmt":"2017-03-17T10:09:43","guid":{"rendered":"https:\/\/aka-buch.de\/buchhandlung\/?page_id=107"},"modified":"2017-03-21T12:11:22","modified_gmt":"2017-03-21T12:11:22","slug":"zusammenarbeit","status":"publish","type":"page","link":"https:\/\/aka-buch.de\/buchhandlung\/zusammenarbeit\/","title":{"rendered":"Zusammenarbeit"},"content":{"rendered":"<h3>Naturfotograf Dr. Udo Seltmann<\/h3>\n<ul>\n<li>Poster<\/li>\n<li>Gru\u00dfkarten<\/li>\n<li>Ansichtskarten<\/li>\n<li>Und vieles mehr<\/li>\n<\/ul>\n<blockquote><p><a href=\"http:\/\/www.seltmann-naturfoto.de\">www.seltmann-naturfoto.de<\/a><\/p><\/blockquote>\n<h3>Technische Universit\u00e4t Bergakademie Freiberg<\/h3>\n<p>Technische Universit\u00e4t Bergakademie Freiberg in Sachsen.<\/p>\n<p>Forschungsgebiete:<\/p>\n<ul>\n<li>Erkundung neuer Lagerst\u00e4tten<\/li>\n<li>Alternative Energien<\/li>\n<li>Neue Materialien und<\/li>\n<li>Werkstoffe.<\/li>\n<\/ul>\n<blockquote><p><a href=\"http:\/\/www.tu-freiberg.de\" target=\"_blank\">www.tu-freiberg.de<\/a><\/p><\/blockquote>\n","protected":false},"excerpt":{"rendered":"<p>Naturfotograf Dr. Udo Seltmann Poster Gru\u00dfkarten Ansichtskarten Und vieles mehr www.seltmann-naturfoto.de Technische Universit\u00e4t Bergakademie Freiberg Technische Universit\u00e4t Bergakademie Freiberg in Sachsen. Forschungsgebiete: Erkundung neuer Lagerst\u00e4tten Alternative Energien Neue Materialien und<a class=\"read-more\" href=\"https:\/\/aka-buch.de\/buchhandlung\/zusammenarbeit\/\">Continue reading<\/a><\/p>\n","protected":false},"author":1,"featured_media":0,"parent":0,"menu_order":0,"comment_status":"closed","ping_status":"closed","template":"","meta":{"footnotes":""},"class_list":["post-107","page","type-page","status-publish","hentry"],"_links":{"self":[{"href":"https:\/\/aka-buch.de\/buchhandlung\/wp-json\/wp\/v2\/pages\/107","targetHints":{"allow":["GET"]}}],"collection":[{"href":"https:\/\/aka-buch.de\/buchhandlung\/wp-json\/wp\/v2\/pages"}],"about":[{"href":"https:\/\/aka-buch.de\/buchhandlung\/wp-json\/wp\/v2\/types\/page"}],"author":[{"embeddable":true,"href":"https:\/\/aka-buch.de\/buchhandlung\/wp-json\/wp\/v2\/users\/1"}],"replies":[{"embeddable":true,"href":"https:\/\/aka-buch.de\/buchhandlung\/wp-json\/wp\/v2\/comments?post=107"}],"version-history":[{"count":11,"href":"https:\/\/aka-buch.de\/buchhandlung\/wp-json\/wp\/v2\/pages\/107\/revisions"}],"predecessor-version":[{"id":291,"href":"https:\/\/aka-buch.de\/buchhandlung\/wp-json\/wp\/v2\/pages\/107\/revisions\/291"}],"wp:attachment":[{"href":"https:\/\/aka-buch.de\/buchhandlung\/wp-json\/wp\/v2\/media?parent=107"}],"curies":[{"name":"wp","href":"https:\/\/api.w.org\/{rel}","templated":true}]}}